{"id":922,"date":"2020-01-25T19:22:01","date_gmt":"2020-01-25T18:22:01","guid":{"rendered":"https:\/\/helenamarti.com\/?page_id=922"},"modified":"2020-04-21T17:36:03","modified_gmt":"2020-04-21T15:36:03","slug":"servicios","status":"publish","type":"page","link":"https:\/\/helenamarti.com\/?page_id=922","title":{"rendered":"Servicios"},"content":{"rendered":"<p>[et_pb_section fb_built=\u00bb1&#8243; _builder_version=\u00bb4.2.2&#8243; background_image=\u00bbhttps:\/\/helenamarti.com\/wp-content\/uploads\/2019\/12\/psychiatrist_35.jpg\u00bb height=\u00bb396px\u00bb custom_margin=\u00bb-74px||||false|false\u00bb custom_padding=\u00bb||||false|false\u00bb][et_pb_row _builder_version=\u00bb4.2.2&#8243; custom_margin=\u00bb69px||0px||false|false\u00bb custom_padding=\u00bb||20px|||\u00bb][et_pb_column type=\u00bb4_4&#8243; _builder_version=\u00bb4.2.2&#8243;][et_pb_slider use_bg_overlay=\u00bbon\u00bb use_text_overlay=\u00bboff\u00bb arrows_custom_color=\u00bb#f58238&#8243; dot_nav_custom_color=\u00bb#f58238&#8243; _builder_version=\u00bb4.2.2&#8243; header_text_color=\u00bbrgba(0,0,0,0)\u00bb custom_margin=\u00bb-30px|-150px|0px|-150px|false|false\u00bb custom_padding=\u00bb42px|40px|42px|40px|true|true\u00bb animation_style=\u00bbfold\u00bb auto=\u00bbon\u00bb auto_speed=\u00bb8000&#8243; auto_ignore_hover=\u00bbon\u00bb][et_pb_slide heading=\u00bbProcesos de Coaching y Psicoterapia\u00bb _builder_version=\u00bb4.2.2&#8243; header_level=\u00bbh2&#8243; header_font=\u00bbTaviraj||||||||\u00bb header_text_color=\u00bb#000000&#8243; body_text_color=\u00bb#ffffff\u00bb body_font_size=\u00bb28px\u00bb background_color=\u00bbrgba(0,0,0,0)\u00bb background_enable_color=\u00bbon\u00bb custom_padding=\u00bb31px||31px||true|false\u00bb body_text_shadow_style=\u00bbpreset1&#8243;]\u00a1Prueba la primera sesi\u00f3n![\/et_pb_slide][et_pb_slide heading=\u00bbDesde donde tu elijas\u00bb _builder_version=\u00bb4.2.2&#8243; header_font=\u00bbTaviraj||||||||\u00bb header_text_color=\u00bb#000000&#8243; body_text_color=\u00bb#ffffff\u00bb body_font_size=\u00bb28px\u00bb background_color=\u00bbrgba(0,0,0,0)\u00bb background_enable_color=\u00bbon\u00bb]<\/p>\n<p>Presencial, v\u00eddeo llamada, Whatsapp&#8230;<\/p>\n<p>[\/et_pb_slide][et_pb_slide heading=\u00bbFormaci\u00f3n presencial y Online\u00bb _builder_version=\u00bb4.2.2&#8243; header_level=\u00bbh2&#8243; header_font=\u00bbTaviraj||||||||\u00bb header_text_color=\u00bb#000000&#8243; body_text_color=\u00bb#333333&#8243; background_color=\u00bbrgba(0,0,0,0)\u00bb background_enable_color=\u00bbon\u00bb body_text_shadow_style=\u00bbpreset1&#8243;][\/et_pb_slide][et_pb_slide heading=\u00bbTDC Training Mental\u00bb _builder_version=\u00bb4.2.2&#8243; header_level=\u00bbh2&#8243; header_font=\u00bbTaviraj||||||||\u00bb header_text_color=\u00bb#000000&#8243; body_text_color=\u00bb#ffffff\u00bb body_font_size=\u00bb28px\u00bb background_color=\u00bbrgba(0,0,0,0)\u00bb background_enable_color=\u00bbon\u00bb body_text_shadow_style=\u00bbpreset1&#8243;]<\/p>\n<p>Toma de conciencia<\/p>\n<p>[\/et_pb_slide][et_pb_slide heading=\u00bbLibro sobre violencia de g\u00e9nero\u00bb _builder_version=\u00bb4.2.2&#8243; header_level=\u00bbh2&#8243; header_font=\u00bbTaviraj||||||||\u00bb header_text_color=\u00bb#000000&#8243; body_text_color=\u00bb#ffffff\u00bb body_font_size=\u00bb28px\u00bb background_color=\u00bbrgba(0,0,0,0)\u00bb background_enable_color=\u00bbon\u00bb body_text_shadow_style=\u00bbpreset1&#8243;]<\/p>\n<p>Alas de Mariposa<\/p>\n<p>[\/et_pb_slide][et_pb_slide heading=\u00bbMentor\u00edas\u00bb _builder_version=\u00bb4.2.2&#8243; header_level=\u00bbh2&#8243; header_font=\u00bbTaviraj||||||||\u00bb header_text_color=\u00bb#000000&#8243; body_text_color=\u00bb#ffffff\u00bb body_font_size=\u00bb28px\u00bb background_color=\u00bbrgba(0,0,0,0)\u00bb background_enable_color=\u00bbon\u00bb body_text_shadow_style=\u00bbpreset1&#8243;]<\/p>\n<p>m\u00e9todo LEMAR<\/p>\n<p>[\/et_pb_slide][\/et_pb_slider][\/et_pb_column][\/et_pb_row][\/et_pb_section][et_pb_section fb_built=\u00bb1&#8243; _builder_version=\u00bb4.2.2&#8243; custom_padding=\u00bb||3px|||\u00bb][et_pb_row _builder_version=\u00bb4.2.2&#8243;][et_pb_column type=\u00bb4_4&#8243; _builder_version=\u00bb4.2.2&#8243;][et_pb_text _builder_version=\u00bb4.2.2&#8243; header_font=\u00bbLato|300|||||||\u00bb header_2_font=\u00bbLato||||||||\u00bb header_2_text_align=\u00bbcenter\u00bb header_2_font_size=\u00bb32px\u00bb]<\/p>\n<h2>\u00abPara llegar al final de la escalera solo tienes que dar el primer paso\u00bb<\/h2>\n<p>[\/et_pb_text][et_pb_button button_text=\u00bb\u00a1Te regalo una sesi\u00f3n orientadora gratis!\u00bb _builder_version=\u00bb4.4.3&#8243; button_alignment=\u00bbcenter\u00bb box_shadow_style=\u00bbpreset1&#8243; box_shadow_blur=\u00bb11px\u00bb box_shadow_spread=\u00bb11px\u00bb box_shadow_color=\u00bbrgba(0,0,0,0.52)\u00bb custom_padding=\u00bb15px|15px|15px|15px|true|true\u00bb custom_margin=\u00bb52px||||false|false\u00bb hover_enabled=\u00bb0&#8243; button_url=\u00bbhttps:\/\/helenamarti.com\/contacto\/\u00bb url_new_window=\u00bbon\u00bb][\/et_pb_button][\/et_pb_column][\/et_pb_row][\/et_pb_section][et_pb_section fb_built=\u00bb1&#8243; _builder_version=\u00bb4.2.2&#8243;][et_pb_row column_structure=\u00bb1_3,1_3,1_3&#8243; _builder_version=\u00bb4.2.2&#8243;][et_pb_column type=\u00bb1_3&#8243; _builder_version=\u00bb4.2.2&#8243;][et_pb_blurb title=\u00bbProcesos de Coaching y Psicoterapia\u00bb url=\u00bbhttps:\/\/helenamarti.com\/coaching-psicoterapia\u00bb url_new_window=\u00bbon\u00bb image=\u00bbhttps:\/\/helenamarti.com\/wp-content\/uploads\/2020\/01\/Procesos-de-coaching-y-psicoterapia.jpg\u00bb content_max_width=\u00bb235px\u00bb _builder_version=\u00bb4.2.2&#8243; header_font=\u00bbTaviraj||||||||\u00bb header_text_align=\u00bbcenter\u00bb header_text_color=\u00bb#000000&#8243; header_font_size=\u00bb20px\u00bb][\/et_pb_blurb][et_pb_blurb title=\u00bbTDC\/ Training mental\u00bb url=\u00bbhttps:\/\/helenamarti.com\/tdc-training-mental\/\u00bb url_new_window=\u00bbon\u00bb image=\u00bbhttps:\/\/helenamarti.com\/wp-content\/uploads\/2020\/01\/TDC-trainig.png\u00bb content_max_width=\u00bb235px\u00bb _builder_version=\u00bb4.2.2&#8243; header_font=\u00bbTaviraj||||||||\u00bb header_text_align=\u00bbcenter\u00bb header_text_color=\u00bb#000000&#8243; header_font_size=\u00bb20px\u00bb][\/et_pb_blurb][\/et_pb_column][et_pb_column type=\u00bb1_3&#8243; _builder_version=\u00bb4.2.2&#8243;][et_pb_blurb title=\u00bbFormaci\u00f3n presencial\u00bb url=\u00bbhttps:\/\/helenamarti.com\/formacion-presencial\/\u00bb url_new_window=\u00bbon\u00bb image=\u00bbhttps:\/\/helenamarti.com\/wp-content\/uploads\/2020\/01\/Formaci\u00f3n-presencial.jpg\u00bb content_max_width=\u00bb235px\u00bb _builder_version=\u00bb4.2.2&#8243; header_font=\u00bbTaviraj||||||||\u00bb header_text_align=\u00bbcenter\u00bb header_text_color=\u00bb#000000&#8243; header_font_size=\u00bb20px\u00bb][\/et_pb_blurb][et_pb_blurb title=\u00bbLibros \/ E-books\u00bb url=\u00bbhttps:\/\/helenamarti.com\/libros-recomendados\/\u00bb url_new_window=\u00bbon\u00bb image=\u00bbhttps:\/\/helenamarti.com\/wp-content\/uploads\/2020\/01\/Libro-maltrato-psicol\u00f3gico.jpg\u00bb content_max_width=\u00bb235px\u00bb _builder_version=\u00bb4.2.2&#8243; header_font=\u00bbTaviraj||||||||\u00bb header_text_align=\u00bbcenter\u00bb header_text_color=\u00bb#000000&#8243; header_font_size=\u00bb20px\u00bb custom_margin=\u00bb32px||||false|false\u00bb custom_margin_tablet=\u00bb\u00bb custom_margin_phone=\u00bb\u00bb custom_margin_last_edited=\u00bbon|phone\u00bb][\/et_pb_blurb][\/et_pb_column][et_pb_column type=\u00bb1_3&#8243; _builder_version=\u00bb4.2.2&#8243;][et_pb_blurb title=\u00bbFormaci\u00f3n online\u00bb url=\u00bbhttps:\/\/helenamarti.com\/formacion-online\/\u00bb url_new_window=\u00bbon\u00bb image=\u00bbhttps:\/\/helenamarti.com\/wp-content\/uploads\/2020\/01\/Proceso-online-1-1.jpg\u00bb content_max_width=\u00bb235px\u00bb _builder_version=\u00bb4.2.2&#8243; header_font=\u00bbTaviraj||||||||\u00bb header_text_align=\u00bbcenter\u00bb header_text_color=\u00bb#000000&#8243; header_font_size=\u00bb20px\u00bb][\/et_pb_blurb][et_pb_blurb title=\u00bbMentor\u00eda m\u00e9todo LEMAR\u00bb url=\u00bbhttps:\/\/helenamarti.com\/mentorias\/\u00bb url_new_window=\u00bbon\u00bb image=\u00bbhttps:\/\/helenamarti.com\/wp-content\/uploads\/2020\/01\/\u00c1rbol-de-la-vida.jpg\u00bb content_max_width=\u00bb235px\u00bb _builder_version=\u00bb4.3.1&#8243; header_font=\u00bbTaviraj||||||||\u00bb header_text_align=\u00bbcenter\u00bb header_text_color=\u00bb#000000&#8243; header_font_size=\u00bb19px\u00bb body_text_align=\u00bbcenter\u00bb body_text_color=\u00bb#f58238&#8243; custom_margin=\u00bb32px|||0px|false|false\u00bb custom_margin_tablet=\u00bb\u00bb custom_margin_phone=\u00bb\u00bb custom_margin_last_edited=\u00bbon|desktop\u00bb header_font_size_tablet=\u00bb20px\u00bb header_font_size_phone=\u00bb20px\u00bb header_font_size_last_edited=\u00bbon|tablet\u00bb][\/et_pb_blurb][\/et_pb_column][\/et_pb_row][\/et_pb_section]<\/p>\n","protected":false},"excerpt":{"rendered":"<p>\u00a1Prueba la primera sesi\u00f3n!Presencial, v\u00eddeo llamada, Whatsapp&#8230;Toma de concienciaAlas de Mariposam\u00e9todo LEMAR\u00abPara llegar al final de la escalera solo tienes que dar el primer paso\u00bb<\/p>\n","protected":false},"author":2,"featured_media":0,"parent":0,"menu_order":0,"comment_status":"closed","ping_status":"closed","template":"","meta":{"_et_pb_use_builder":"on","_et_pb_old_content":"","_et_gb_content_width":"","footnotes":""},"class_list":["post-922","page","type-page","status-publish","hentry"],"yoast_head":"<!-- This site is optimized with the Yoast SEO plugin v25.2 - https:\/\/yoast.com\/wordpress\/plugins\/seo\/ -->\n<title>Servicios - Helena Mart\u00ed<\/title>\n<meta name=\"robots\" content=\"noindex, follow\" \/>\n<meta property=\"og:locale\" content=\"es_ES\" \/>\n<meta property=\"og:type\" content=\"article\" \/>\n<meta property=\"og:title\" content=\"Servicios - Helena Mart\u00ed\" \/>\n<meta property=\"og:description\" content=\"\u00a1Prueba la primera sesi\u00f3n!Presencial, v\u00eddeo llamada, Whatsapp...Toma de concienciaAlas de Mariposam\u00e9todo LEMAR\u00abPara llegar al final de la escalera solo tienes que dar el primer paso\u00bb\" \/>\n<meta property=\"og:url\" content=\"https:\/\/helenamarti.com\/?page_id=922\" \/>\n<meta property=\"og:site_name\" content=\"Helena Mart\u00ed\" \/>\n<meta property=\"article:modified_time\" content=\"2020-04-21T15:36:03+00:00\" \/>\n<meta name=\"twitter:card\" content=\"summary_large_image\" \/>\n<meta name=\"twitter:label1\" content=\"Tiempo de lectura\" \/>\n\t<meta name=\"twitter:data1\" content=\"5 minutos\" \/>\n<script type=\"application\/ld+json\" class=\"yoast-schema-graph\">{\"@context\":\"https:\/\/schema.org\",\"@graph\":[{\"@type\":\"WebPage\",\"@id\":\"https:\/\/helenamarti.com\/?page_id=922\",\"url\":\"https:\/\/helenamarti.com\/?page_id=922\",\"name\":\"Servicios - Helena Mart\u00ed\",\"isPartOf\":{\"@id\":\"https:\/\/helenamarti.com\/#website\"},\"datePublished\":\"2020-01-25T18:22:01+00:00\",\"dateModified\":\"2020-04-21T15:36:03+00:00\",\"breadcrumb\":{\"@id\":\"https:\/\/helenamarti.com\/?page_id=922#breadcrumb\"},\"inLanguage\":\"es\",\"potentialAction\":[{\"@type\":\"ReadAction\",\"target\":[\"https:\/\/helenamarti.com\/?page_id=922\"]}]},{\"@type\":\"BreadcrumbList\",\"@id\":\"https:\/\/helenamarti.com\/?page_id=922#breadcrumb\",\"itemListElement\":[{\"@type\":\"ListItem\",\"position\":1,\"name\":\"Portada\",\"item\":\"https:\/\/helenamarti.com\/\"},{\"@type\":\"ListItem\",\"position\":2,\"name\":\"Servicios\"}]},{\"@type\":\"WebSite\",\"@id\":\"https:\/\/helenamarti.com\/#website\",\"url\":\"https:\/\/helenamarti.com\/\",\"name\":\"Helena Mart\u00ed\",\"description\":\"Psicolog\u00eda y Coaching\",\"potentialAction\":[{\"@type\":\"SearchAction\",\"target\":{\"@type\":\"EntryPoint\",\"urlTemplate\":\"https:\/\/helenamarti.com\/?s={search_term_string}\"},\"query-input\":{\"@type\":\"PropertyValueSpecification\",\"valueRequired\":true,\"valueName\":\"search_term_string\"}}],\"inLanguage\":\"es\"}]}<\/script>\n<!-- \/ Yoast SEO plugin. -->","yoast_head_json":{"title":"Servicios - Helena Mart\u00ed","robots":{"index":"noindex","follow":"follow"},"og_locale":"es_ES","og_type":"article","og_title":"Servicios - Helena Mart\u00ed","og_description":"\u00a1Prueba la primera sesi\u00f3n!Presencial, v\u00eddeo llamada, Whatsapp...Toma de concienciaAlas de Mariposam\u00e9todo LEMAR\u00abPara llegar al final de la escalera solo tienes que dar el primer paso\u00bb","og_url":"https:\/\/helenamarti.com\/?page_id=922","og_site_name":"Helena Mart\u00ed","article_modified_time":"2020-04-21T15:36:03+00:00","twitter_card":"summary_large_image","twitter_misc":{"Tiempo de lectura":"5 minutos"},"schema":{"@context":"https:\/\/schema.org","@graph":[{"@type":"WebPage","@id":"https:\/\/helenamarti.com\/?page_id=922","url":"https:\/\/helenamarti.com\/?page_id=922","name":"Servicios - Helena Mart\u00ed","isPartOf":{"@id":"https:\/\/helenamarti.com\/#website"},"datePublished":"2020-01-25T18:22:01+00:00","dateModified":"2020-04-21T15:36:03+00:00","breadcrumb":{"@id":"https:\/\/helenamarti.com\/?page_id=922#breadcrumb"},"inLanguage":"es","potentialAction":[{"@type":"ReadAction","target":["https:\/\/helenamarti.com\/?page_id=922"]}]},{"@type":"BreadcrumbList","@id":"https:\/\/helenamarti.com\/?page_id=922#breadcrumb","itemListElement":[{"@type":"ListItem","position":1,"name":"Portada","item":"https:\/\/helenamarti.com\/"},{"@type":"ListItem","position":2,"name":"Servicios"}]},{"@type":"WebSite","@id":"https:\/\/helenamarti.com\/#website","url":"https:\/\/helenamarti.com\/","name":"Helena Mart\u00ed","description":"Psicolog\u00eda y Coaching","potentialAction":[{"@type":"SearchAction","target":{"@type":"EntryPoint","urlTemplate":"https:\/\/helenamarti.com\/?s={search_term_string}"},"query-input":{"@type":"PropertyValueSpecification","valueRequired":true,"valueName":"search_term_string"}}],"inLanguage":"es"}]}},"_links":{"self":[{"href":"https:\/\/helenamarti.com\/index.php?rest_route=\/wp\/v2\/pages\/922","targetHints":{"allow":["GET"]}}],"collection":[{"href":"https:\/\/helenamarti.com\/index.php?rest_route=\/wp\/v2\/pages"}],"about":[{"href":"https:\/\/helenamarti.com\/index.php?rest_route=\/wp\/v2\/types\/page"}],"author":[{"embeddable":true,"href":"https:\/\/helenamarti.com\/index.php?rest_route=\/wp\/v2\/users\/2"}],"replies":[{"embeddable":true,"href":"https:\/\/helenamarti.com\/index.php?rest_route=%2Fwp%2Fv2%2Fcomments&post=922"}],"version-history":[{"count":46,"href":"https:\/\/helenamarti.com\/index.php?rest_route=\/wp\/v2\/pages\/922\/revisions"}],"predecessor-version":[{"id":1809,"href":"https:\/\/helenamarti.com\/index.php?rest_route=\/wp\/v2\/pages\/922\/revisions\/1809"}],"wp:attachment":[{"href":"https:\/\/helenamarti.com\/index.php?rest_route=%2Fwp%2Fv2%2Fmedia&parent=922"}],"curies":[{"name":"wp","href":"https:\/\/api.w.org\/{rel}","templated":true}]}}